{"id":11,"date":"2022-04-06T08:43:52","date_gmt":"2022-04-06T12:43:52","guid":{"rendered":"https:\/\/grupoimape.com\/?page_id=11"},"modified":"2023-10-29T21:48:10","modified_gmt":"2023-10-30T01:48:10","slug":"acerca-de","status":"publish","type":"page","link":"https:\/\/grupoimape.com\/index.php\/acerca-de\/","title":{"rendered":"Sobre Nosotros"},"content":{"rendered":"\t\t<div data-elementor-type=\"wp-page\" data-elementor-id=\"11\" class=\"elementor elementor-11\" data-elementor-post-type=\"page\">\n\t\t\t\t\t\t<section class=\"elementor-section elementor-top-section elementor-element elementor-element-67f031e elementor-section-boxed elementor-section-height-default elementor-section-height-default\" data-id=\"67f031e\" data-element_type=\"section\">\n\t\t\t\t\t\t<div class=\"elementor-container elementor-column-gap-default\">\n\t\t\t\t\t<div class=\"elementor-column elementor-col-50 elementor-top-column elementor-element elementor-element-b450d5c\" data-id=\"b450d5c\" data-element_type=\"column\">\n\t\t\t<div class=\"elementor-widget-wrap elementor-element-populated\">\n\t\t\t\t\t\t<div class=\"elementor-element elementor-element-77a5efa elementor-widget__width-initial elementor-widget elementor-widget-text-editor\" data-id=\"77a5efa\" data-element_type=\"widget\" data-widget_type=\"text-editor.default\">\n\t\t\t\t<div class=\"elementor-widget-container\">\n\t\t\t<style>\/*! elementor - v3.21.0 - 26-05-2024 *\/\n.elementor-widget-text-editor.elementor-drop-cap-view-stacked .elementor-drop-cap{background-color:#69727d;color:#fff}.elementor-widget-text-editor.elementor-drop-cap-view-framed .elementor-drop-cap{color:#69727d;border:3px solid;background-color:transparent}.elementor-widget-text-editor:not(.elementor-drop-cap-view-default) .elementor-drop-cap{margin-top:8px}.elementor-widget-text-editor:not(.elementor-drop-cap-view-default) .elementor-drop-cap-letter{width:1em;height:1em}.elementor-widget-text-editor .elementor-drop-cap{float:left;text-align:center;line-height:1;font-size:50px}.elementor-widget-text-editor .elementor-drop-cap-letter{display:inline-block}<\/style>\t\t\t\t<p>El Grupo de Inversiones Matos Pe\u00f1a SRL nace como una entidad con deseo\u00a0 de poder cubrir las necesidades financieras de un grupo determinado de la poblaci\u00f3n, los revendedores de Guineos (Bananos) de la regi\u00f3n Sur de la Rep\u00fablica Dominicana. Enseguida comenzaron a presentarse algunas oportunidades de negocio donde adem\u00e1s de tener un inter\u00e9s financiero tambi\u00e9n logramos poner nuestro Grano de Arena para que nuestros clientes tengan un desarrollo sostenible y org\u00e1nico.<\/p><p>Nuestro grupo actualmente cuenta con Inversiones Agr\u00edcolas, Inversiones en productos financieros en las bolsas de inversiones, Inmuebles, Etc.\u00a0<\/p><p>Grupo Imape comienza sus operaciones en Abril del 2022 presentando un comportamiento saludable para sus inversionistas y demostrando solidez en sus operaciones lo cual brinda confianza en nuestros clientes Finales.<\/p><p>La idea principal de la existencia de Grupo Imape es ser parte integral del bienestar organizacional y financiero de nuestros clientes.\u00a0<\/p><p>\u00a0<\/p>\t\t\t\t\t\t<\/div>\n\t\t\t\t<\/div>\n\t\t\t\t\t<\/div>\n\t\t<\/div>\n\t\t\t\t<div class=\"elementor-column elementor-col-50 elementor-top-column elementor-element elementor-element-700bf74\" data-id=\"700bf74\" data-element_type=\"column\">\n\t\t\t<div class=\"elementor-widget-wrap elementor-element-populated\">\n\t\t\t\t\t\t<div class=\"elementor-element elementor-element-6548bdd elementor-widget elementor-widget-image\" data-id=\"6548bdd\" data-element_type=\"widget\" data-widget_type=\"image.default\">\n\t\t\t\t<div class=\"elementor-widget-container\">\n\t\t\t<style>\/*! elementor - v3.21.0 - 26-05-2024 *\/\n.elementor-widget-image{text-align:center}.elementor-widget-image a{display:inline-block}.elementor-widget-image a img[src$=\".svg\"]{width:48px}.elementor-widget-image img{vertical-align:middle;display:inline-block}<\/style>\t\t\t\t\t\t\t\t\t\t<img fetchpriority=\"high\" decoding=\"async\" width=\"230\" height=\"300\" src=\"https:\/\/grupoimape.com\/wp-content\/uploads\/2023\/10\/Foto-Pao-Linda-230x300.png\" class=\"attachment-medium size-medium wp-image-220\" alt=\"\" srcset=\"https:\/\/grupoimape.com\/wp-content\/uploads\/2023\/10\/Foto-Pao-Linda-230x300.png 230w, https:\/\/grupoimape.com\/wp-content\/uploads\/2023\/10\/Foto-Pao-Linda-784x1024.png 784w, https:\/\/grupoimape.com\/wp-content\/uploads\/2023\/10\/Foto-Pao-Linda-768x1003.png 768w, https:\/\/grupoimape.com\/wp-content\/uploads\/2023\/10\/Foto-Pao-Linda.png 1020w\" sizes=\"(max-width: 230px) 100vw, 230px\" \/>\t\t\t\t\t\t\t\t\t\t\t\t\t<\/div>\n\t\t\t\t<\/div>\n\t\t\t\t<div class=\"elementor-element elementor-element-441de5f elementor-widget elementor-widget-text-editor\" data-id=\"441de5f\" data-element_type=\"widget\" data-widget_type=\"text-editor.default\">\n\t\t\t\t<div class=\"elementor-widget-container\">\n\t\t\t\t\t\t\t<p style=\"margin: 0cm; font-size: 12pt; font-family: Calibri, sans-serif; color: #000000; text-align: start;\"><span lang=\"ES-TRAD\" style=\"font-family: Roboto; color: #7a7a7a; background-image: initial; background-position: initial; background-size: initial; background-repeat: initial; background-attachment: initial; background-origin: initial; background-clip: initial;\"><b>Paola Rosendis Pe\u00f1a de Matos<\/b><\/span><\/p><p style=\"margin: 0cm; font-size: 12pt; font-family: Calibri, sans-serif; color: #000000; text-align: start;\"><span lang=\"ES-TRAD\" style=\"font-family: Roboto; color: #7a7a7a; background-image: initial; background-position: initial; background-size: initial; background-repeat: initial; background-attachment: initial; background-origin: initial; background-clip: initial;\">Fundadora y Gerente General de Grupo IMAPE, egresada de Administraci\u00f3n de empresas con vasta experiencia en el sector de gesti\u00f3n de aduanas, log\u00edstica y transporte.<\/span><\/p>\t\t\t\t\t\t<\/div>\n\t\t\t\t<\/div>\n\t\t\t\t\t<\/div>\n\t\t<\/div>\n\t\t\t\t\t<\/div>\n\t\t<\/section>\n\t\t\t\t<section class=\"elementor-section elementor-top-section elementor-element elementor-element-03d2944 elementor-section-boxed elementor-section-height-default elementor-section-height-default\" data-id=\"03d2944\" data-element_type=\"section\">\n\t\t\t\t\t\t<div class=\"elementor-container elementor-column-gap-default\">\n\t\t\t\t\t<div class=\"elementor-column elementor-col-100 elementor-top-column elementor-element elementor-element-b85dc74\" data-id=\"b85dc74\" data-element_type=\"column\">\n\t\t\t<div class=\"elementor-widget-wrap\">\n\t\t\t\t\t\t\t<\/div>\n\t\t<\/div>\n\t\t\t\t\t<\/div>\n\t\t<\/section>\n\t\t\t\t<\/div>\n\t\t","protected":false},"excerpt":{"rendered":"<p>El Grupo de Inversiones Matos Pe\u00f1a SRL nace como una entidad con deseo\u00a0 de poder cubrir las necesidades financieras de un grupo determinado de la poblaci\u00f3n, los revendedores de Guineos (Bananos) de la regi\u00f3n Sur de la Rep\u00fablica Dominicana. Enseguida comenzaron a presentarse algunas oportunidades de negocio donde adem\u00e1s de tener un inter\u00e9s financiero tambi\u00e9n [&hellip;]<\/p>\n","protected":false},"author":1,"featured_media":0,"parent":0,"menu_order":0,"comment_status":"closed","ping_status":"closed","template":"elementor_header_footer","meta":{"_joinchat":[],"footnotes":""},"class_list":["post-11","page","type-page","status-publish","hentry"],"_links":{"self":[{"href":"https:\/\/grupoimape.com\/index.php\/wp-json\/wp\/v2\/pages\/11","targetHints":{"allow":["GET"]}}],"collection":[{"href":"https:\/\/grupoimape.com\/index.php\/wp-json\/wp\/v2\/pages"}],"about":[{"href":"https:\/\/grupoimape.com\/index.php\/wp-json\/wp\/v2\/types\/page"}],"author":[{"embeddable":true,"href":"https:\/\/grupoimape.com\/index.php\/wp-json\/wp\/v2\/users\/1"}],"replies":[{"embeddable":true,"href":"https:\/\/grupoimape.com\/index.php\/wp-json\/wp\/v2\/comments?post=11"}],"version-history":[{"count":42,"href":"https:\/\/grupoimape.com\/index.php\/wp-json\/wp\/v2\/pages\/11\/revisions"}],"predecessor-version":[{"id":229,"href":"https:\/\/grupoimape.com\/index.php\/wp-json\/wp\/v2\/pages\/11\/revisions\/229"}],"wp:attachment":[{"href":"https:\/\/grupoimape.com\/index.php\/wp-json\/wp\/v2\/media?parent=11"}],"curies":[{"name":"wp","href":"https:\/\/api.w.org\/{rel}","templated":true}]}}